{"id":1763,"date":"2017-03-27T13:42:46","date_gmt":"2017-03-27T13:42:46","guid":{"rendered":"http:\/\/www.teenlifting.com.hr\/?page_id=1763\/"},"modified":"2017-03-29T10:01:30","modified_gmt":"2017-03-29T10:01:30","slug":"teenlifting-des-korpers","status":"publish","type":"page","link":"https:\/\/mail.teenlifting.co.za\/de\/teenlifting-des-korpers\/","title":{"rendered":"Teenlifting des K\u00f6rpers"},"content":{"rendered":"<div class=\"section-full-width section-light-bg\" style=\"background-color:#f7f7f7;\" id=\"teenlifting\u00aedesk\u00f6rpers\"><div class=\"section-boxed\" style=\"color:#373737;\"><h2 class=\"section-title\" style=\"color:#252525;\">TEENLIFTING\u00ae des K\u00f6rpers<\/h2><p>Wenn Sie Ihre Cellulite bek\u00e4mpfen wollen, eine ideale L\u00f6sung f\u00fcr Ihr \u00dcbergewicht suchen eine Lymphdrainage ben\u00f6tigen oder Ihren K\u00f6rper zur Detoxikation anregen wollen, dann ist die\u2013 <strong>TEENLIFTING\u00ae ELEKTROSTIMULATION DES K\u00d6RPERS<\/strong> genau richtig f\u00fcr Sie!<\/p>\n<p>&nbsp;<\/p>\n<div class=\"cols-wrapper cols-2\">\n<div class=\"col\">\n<p><strong>K\u00f6rperteile die behandelt werden:<\/strong><\/p>\n<ul>\n<li>Hals, Schulterbereich, Schluterbl\u00e4tter, Achselvertiefung, Ellbogen, Hand<\/li>\n<li>H\u00fcften, Taille, Bauch, Hintern, Becken<\/li>\n<li>Schenkel, Knie, Unterkniebereich, Spunggelenk, Fu\u00df<\/li>\n<\/ul>\n<\/div>\n<div class=\"col nomargin\">\n<p><strong>Rehabilitation:<\/strong><\/p>\n<ul>\n<li>aller schmerzhaften Gelenkerkrankungen des Bewegungsapparates (Halswirbels\u00e4ule, Schultern, H\u00e4nde, Schulterbl\u00e4tter, Lenden-Wirbels\u00e4ule, Becken, H\u00fcfte, Knie, Kn\u00f6chel, Fu\u00df)<\/li>\n<li>Zerebralparese, Muskelatrophie, ALS, und andere L\u00e4hmungen und Querschnittsl\u00e4hmungen (Elektrostimulation von Kopf und Halsbereich)<\/li>\n<li>schlechter peripherer Durchblutung aufgrund einer ven\u00f6sen, arteriellen, Lymph- oder Blutgef\u00e4\u00dfsch\u00e4digung<\/li>\n<li><strong>Osteoporose<\/strong> als Folge eingeschr\u00e4nkter k\u00f6rperlicher Aktivit\u00e4t<\/li>\n<li>Blaseninkontinenz und h\u00e4ufiges Urinieren, Uterusprolaps, Impotenz<\/li>\n<\/ul>\n<\/div>\n<\/div>\n<p>\n<\/div><\/div>\n<div class=\"section-full-width section-light-bg\" style=\"background-color:#ffffff;\" id=\"teenlifting\u00aeelektrostimulationdesk\u00f6rpers\"><div class=\"section-boxed\" style=\"color:#373737;\"><h2 class=\"section-title\" style=\"color:#252525;\">TEENLIFTING\u00ae Elektrostimulation des K\u00f6rpers<\/h2><h4 style=\"color:#252525;\" class=\"sub-title\">TEENLIFTING\u00ae Elektrostimulation des K\u00f6rpers ist eine Elektrostimulation aller diesbezogenen K\u00f6rpermuskeln mit dem Ziel:<\/h4><\/p>\n<ol>\n<li><strong>Kosmetisches Formen, Straffen und Eliminieren (Entfernen) von Cellulite bei:<\/strong>\n<ul style=\"padding-left: 60px;\">\n<li>\u00e4u\u00dferst d\u00fcnnen Personen<\/li>\n<li>volleren Personen und \u00e4u\u00dfert \u00fcbergewichtigen Personen<\/li>\n<li>Erhalten eines idealen K\u00f6rpergewichts<\/li>\n<\/ul>\n<\/li>\n<li><strong>Eliminieren von Wasser und \u00d6demen (Schwellungen) im K\u00f6rper, Lymphdrainage der Brust, der Achselvertiefungen, des Bauchs, der Beine und Gelenke<\/strong><\/li>\n<li><strong>Verbesserte Duchblutung und Sauerstoffversorgung des Gewebes<\/strong><\/li>\n<li><strong>Detoxikation im K\u00f6rper<\/strong><\/li>\n<li><strong>Kraftanhebung in allen Muskeln des K\u00f6rpers als zus\u00e4tzliches Training f\u00fcr Sportler<\/strong><\/li>\n<\/ol>\n<p>\n<\/div><\/div>\n<div class=\"section-full-width section-light-bg\" style=\"background-color:#f7f7f7;\" id=\"erfahrensiemehr\u00fcberteenliftingdesk\u00f6rpers\"><div class=\"section-boxed\" style=\"color:#373737;\"><h2 class=\"section-title\" style=\"color:#252525;\">Erfahren Sie mehr \u00fcber TEENLIFTING des K\u00f6rpers<\/h2><\/p>\n<div class=\"cols-wrapper cols-2\">\n<div class=\"col\">\n<p>&nbsp;<\/p>\n<h2>TEENLIFTING stimuliet alle K\u00f6rpermuskeln. Warum ist die gleichzeitige Stimulation wichtig?<\/h2>\n<p>Muskeln sind anatomisch untereinadner verbunden, weswegen ihre gleichzietige Stimulation f\u00fcr hervorragende Ergebnisse von gro\u00dfer Bedeutung ist.<\/p>\n<p>&nbsp;<\/p>\n<blockquote>\n<p>Warum stimuliert TEENLIFTING jeden einzelnen Muskel mit 100% Muskelfasern und nicht nur einen Teil des Muskels mit 5-20% Muskelfasern wie bei einer klassischen Elektrostimulation?<\/p>\n<\/blockquote>\n<p>&nbsp;<\/p>\n<p>Weil die Stimulation angenehmer ist beim gleichzeitigen Ausl\u00f6sen von Faltenreduzierung und Erreichen maximaler Ergebnisse. Eine Teilstimulation an bestimmten Punkten ist zu intensiv f\u00fcr diese Bereiche und gleichzeitig zu schwach f\u00fcr den ganzen Muskel oder die ganze Muskelgruppe.<\/p>\n<h2>Wie erreicht man das?<\/h2>\n<p>Durch TEENLIFTING mittels einzigartiger Elektroden, die f\u00fcr bestimmte anatomische Bereiche von Muskelgruppen oder einzelnen Muskeln geformt wurden.<\/p>\n<p>&nbsp;<\/p>\n<blockquote>\n<p>Welche \u00dcbungs- und Kontraktionsarten passieren w\u00e4hrend dem TEENLIFTING des K\u00f6rpers und bringen den K\u00f6rper somit an die weltweite Spitze der Wirksamkeit dieser \u00dcbungen?<\/p>\n<\/blockquote>\n<p>&nbsp;<\/p>\n<p><strong>-Je nach Ausf\u00fchrung des Vorgangs unterscheidet man:<\/strong> passive, aktiv unterst\u00fctzte, aktiv selbstst\u00e4ndige, und aktive \u00dcbungen mit Gegenlast oder Wierstand.<\/p>\n<p><strong><em>&#8211;<\/em>\u00dcbungen zur Erhaltung des maximalen Umfangs der Bewegungen in allen Gelenken<\/strong><\/p>\n<p><strong><em>&#8211;<\/em>\u00dcbungen zur statischen Dehnung (Stretchen)<\/strong><\/p>\n<p><strong><em>&#8211;<\/em>\u00dcbungen zur St\u00e4rkung, Ausdauer, Geschwindigkeit und Koordination:<\/strong><\/p>\n<ol style=\"padding-left: 60px;\">\n<li><strong>Isometrische \u2013 mittels isometrischer Kontraktionen<\/strong><\/li>\n<li><strong>Isotonische \u2013mittels konzentrische und exzentrische Kontraktionen<\/strong><\/li>\n<li><strong>Isokinetische<\/strong><\/li>\n<\/ol>\n<p><strong>-Kontraktionen der schnellen und langsamen Muskelfasern<\/strong><\/p>\n<p>&nbsp;<\/p>\n<blockquote>\n<p>Wann sind die ersten Ergebnisse zu erwarten?<\/p>\n<\/blockquote>\n<p>&nbsp;<\/p>\n<p>Die Ergebnisse sind individuell und abh\u00e4ngig vom Anfangszustand: Alter, k\u00f6rperliche Ausdauer, K\u00f6rpergewicht\u2026 Bei ein und derselben Person benehmen sich die bestimmten K\u00f6rperteile w\u00e4hrend der TEEN\u00d6LIFTING Behandlung unterschiedlich, abh\u00e4ngig von ihrem Anfangszustand.<\/p>\n<p>Nach der ersten Behandlung des ganzen K\u00f6rpers f\u00fchlt man eine enorme Bewegungsfreiheit, die nicht nur durch 30-min\u00fctiges Training, sondern auch durch die <strong>Drainage<\/strong> der \u00e4u\u00dferen Zellenfl\u00fcssigkeit entstanden ist. Die \u00e4u\u00dfere Zellenfl\u00fcssigkeit ist eine Last f\u00fcr den K\u00f6rper und unterst\u00fctzt die Bildung von Cellulite.<\/p>\n<p>&nbsp;<\/p>\n<\/div>\n<div class=\"col nomargin\">\n<p>&nbsp;<\/p>\n<h2>Wie wird das Training empfohlen?<\/h2>\n<p>Die Intensit\u00e4t des Trainings h\u00e4ngt nat\u00fcrlich von den gew\u00fcnschten Ergebnissen und Gr\u00fcnden f\u00fcr Ihr Kommen ab. Unser Ziel ist nicht nur \u201ekosmetische\u201c Versch\u00f6nerung f\u00fcr den Fr\u00fchling zu erreichen oder einen momentanen Krankeitszustand zu beheben, sondern einen Jahresplan zu erstellen,der als pr\u00e4ventive L\u00f6sung dienen soll.<\/p>\n<p>Das bedeutet, dass die Trainingseinheiten des ganzen K\u00f6rpers (m\u00f6glicherweise auch des Gesichts) und die intensiven Trainigseinheiten der Problemzonen (Bauch, Hintern) kombiniert werden.<\/p>\n<p>Ganz egal, ob man TEENLIFTING aus <strong>\u00e4sthetischen Gr\u00fcnden<\/strong> oder <strong>der Rehabilitation<\/strong> wegen w\u00e4hlt, es werden in beiden F\u00e4llen die gleichen Ergebnisse erzielt. Z.B.  wenn wegen h\u00e4ufigem Wasser lassen stimuliert wird, straffen sich nach 10 Tagen auch H\u00fcften, Bauch und Hintern.<\/p>\n<h2>Wie beeinflusst das Training den Organismus?<\/h2>\n<p>Die wichtigste Art von Bewegung im K\u00f6rper sind die Bewegungen der Muskelzellen, die 40% der K\u00f6rpermasse bilden. Die Bewegung der Skelettmuskelzellen nennt man Trainieren.<\/p>\n<p>Training, vor allem regelm\u00e4\u00dfiges Training, macht Menschen, besonders die \u00e4lteren, funktional leistungsf\u00e4higer, als es ihre inaktiven Altersgenossen sind.<\/p>\n<p><strong>Durch Training<\/strong> erreicht man:<\/p>\n<ol style=\"padding-left: 60px;\">\n<li>H\u00f6here maximale aerobe Kapazit\u00e4t<\/li>\n<li>Bessere Atemfunktion<\/li>\n<li>Niedrigere Herzfrequenz im Ruhezustand oder bei Belastung<\/li>\n<li>H\u00f6here maximale Herzfrequenz<\/li>\n<li>Niedrigere Herzsch\u00e4digungsgefahr<\/li>\n<li>Niedrigerer arterieller Blutdruck im Ruhezustand und bei Belastung<\/li>\n<li>Bessere Herzfunktion<\/li>\n<li>Mehr absolute Muskelkraft, h\u00f6here Dynamik, Ausdauer und Geschick<\/li>\n<li>Niedrigerer Muskels\u00e4uregehalt<\/li>\n<\/ol>\n<p>Im Gegensatz zum Training verursachen Ruhezustand, sitzen und liegen folgednes:<\/p>\n<ol style=\"padding-left: 60px;\" start=\"1\">\n<li>Muskelatrophie, Verlust der funktionalen Muskelzellenl\u00e4nge, ( Fasern), Kraftverlust, abnhemende Leistungsf\u00e4higkeit, Ausdauer und Koordination<\/li>\n<li>Gelenkkapsel- Fibrose, Fibrose der B\u00e4nder und Sehnen, was den Gelenkumpfang vermindert und die Bewegung noch mehr einschr\u00e4nkt<\/li>\n<li>Knochenosteoporose<\/li>\n<li>Verminderte Funktion fast aller Hormondr\u00fcsen<\/li>\n<li>Behinderungen in der arteriellen und ven\u00f6sen Durchblutung<\/li>\n<li>Zunehmendes Fettgewebe<\/li>\n<li>Depressionen und fehlendes Selbstbewusstsein<\/li>\n<\/ol>\n<h2>Einfluss von TEENLIFTING auf die Regeneration der Knochenmasse.<\/h2>\n<p>Die Zusammensetzung und das metabolische Gleichgewicht von Knochen h\u00e4ngen von der Muskelaktivit\u00e4t und dem Moment der Druckeinwirkung ab, sowie vom Straffen der Sehnenans\u00e4tze am Knochen. Die Muskelaktivit\u00e4t verlangsamt den Prozess der Osteoporose durch st\u00e4ndige Stimulation der Knochen zur ihrer Entstehung (von der letztendlich auch die Regenerierung physiologisch abh\u00e4ngig ist).<\/p>\n<p>In j\u00fcngeren Jahren wird durch die Muskelaktivit\u00e4t die s.g. \u201e Knochen-Hauptquantit\u00e4t\u201c verst\u00e4rkt, die sp\u00e4ter von Osteoporose und Osteopenie betroffen sein k\u00f6nnen. Je gr\u00f6\u00dfer dieser \u201eHauptteil\u201c ist, desto gr\u00f6\u00dfer ist auch der \u201eRest\u201c des Knochens. Der progessive Verlust von Knochenmasse beginnt nach dem 30-ten Lebensjahr, weswegen die Knochenmasse in diesen Jahren von gro\u00dfer Bedeutung f\u00fcr die Knochen sp\u00e4ter im Alter ist.<\/p>\n<p>Die intensive postmenopausale Osteoporose tritt bei Frauen am h\u00e4ufigsten 15 bis 20 Jahre nach der Menopause auf.<\/p>\n<p>Genau aus diesem Grund ist Teenlifting Behandlung <strong>der Schl\u00fcssel zur Vorbeugung<\/strong> und Rehabilitation der Osteoporose.<\/p>\n<\/div>\n<\/div>\n<div class=\"info-box\" style=\"text-align: center;\"><span class=\"box-icon\">\u00a0<\/span>Kontraindikationen f\u00fcr TEENLIFTING sind: Pace maker, Epilepsie, Schwangerschaft, Operative Eingriffe (in den letzten 6 Monaten).<\/div>\n<p>\n<\/div><\/div>\n<div class=\"section-full-width section-dark\" style=\"background-color:#ffffff;\" id=\"siehabenfragenoderm\u00f6chteneinenterminabschliessen\"><div class=\"section-boxed\" style=\"color:#373737;\"><h2 class=\"section-title\" style=\"color:#373737;\">Sie haben Fragen oder m\u00f6chten einen Termin abschliessen?<\/h2><h4 style=\"color:#373737;\" class=\"sub-title\">Melden Sie sich bei uns!<\/h4><\/p>\n<p style=\"text-align: center;\"><a class=\"button\" href=\"http:\/\/www.teenlifting.com.hr\/de\/kontakt\/\" target=\"_blank\">ANFRAGE STELLEN<\/a><\/p>\n<p>\n<\/div><\/div>\n","protected":false},"excerpt":{"rendered":"","protected":false},"author":3,"featured_media":0,"parent":0,"menu_order":0,"comment_status":"closed","ping_status":"closed","template":"template-full-custom.php","meta":{"om_disable_all_campaigns":false,"_monsterinsights_skip_tracking":false,"_monsterinsights_sitenote_active":false,"_monsterinsights_sitenote_note":"","_monsterinsights_sitenote_category":0,"_uf_show_specific_survey":0,"_uf_disable_surveys":false,"footnotes":""},"class_list":["post-1763","page","type-page","status-publish","hentry"],"aioseo_notices":[],"yoast_head":"<!-- This site is optimized with the Yoast SEO plugin v27.4 - https:\/\/yoast.com\/product\/yoast-seo-wordpress\/ -->\n<title>Teenlifting des K\u00f6rpers - Teenlifting<\/title>\n<meta name=\"robots\" content=\"index, follow, max-snippet:-1, max-image-preview:large, max-video-preview:-1\" \/>\n<link rel=\"canonical\" href=\"https:\/\/mail.bell-stim.com\/de\/teenlifting-des-korpers\/\" \/>\n<meta property=\"og:locale\" content=\"de_DE\" \/>\n<meta property=\"og:type\" content=\"article\" \/>\n<meta property=\"og:title\" content=\"Teenlifting des K\u00f6rpers - Teenlifting\" \/>\n<meta property=\"og:url\" content=\"https:\/\/mail.bell-stim.com\/de\/teenlifting-des-korpers\/\" \/>\n<meta property=\"og:site_name\" content=\"Teenlifting\" \/>\n<meta property=\"article:modified_time\" content=\"2017-03-29T10:01:30+00:00\" \/>\n<meta name=\"twitter:card\" content=\"summary_large_image\" \/>\n<meta name=\"twitter:label1\" content=\"Gesch\u00e4tzte Lesezeit\" \/>\n\t<meta name=\"twitter:data1\" content=\"6\u00a0Minuten\" \/>\n<script type=\"application\/ld+json\" class=\"yoast-schema-graph\">{\"@context\":\"https:\\\/\\\/schema.org\",\"@graph\":[{\"@type\":\"WebPage\",\"@id\":\"https:\\\/\\\/mail.bell-stim.com\\\/de\\\/teenlifting-des-korpers\\\/\",\"url\":\"https:\\\/\\\/mail.bell-stim.com\\\/de\\\/teenlifting-des-korpers\\\/\",\"name\":\"Teenlifting des K\u00f6rpers - Teenlifting\",\"isPartOf\":{\"@id\":\"https:\\\/\\\/mail.bell-stim.com\\\/en\\\/#website\"},\"datePublished\":\"2017-03-27T13:42:46+00:00\",\"dateModified\":\"2017-03-29T10:01:30+00:00\",\"breadcrumb\":{\"@id\":\"https:\\\/\\\/mail.bell-stim.com\\\/de\\\/teenlifting-des-korpers\\\/#breadcrumb\"},\"inLanguage\":\"de\",\"potentialAction\":[{\"@type\":\"ReadAction\",\"target\":[\"https:\\\/\\\/mail.bell-stim.com\\\/de\\\/teenlifting-des-korpers\\\/\"]}]},{\"@type\":\"BreadcrumbList\",\"@id\":\"https:\\\/\\\/mail.bell-stim.com\\\/de\\\/teenlifting-des-korpers\\\/#breadcrumb\",\"itemListElement\":[{\"@type\":\"ListItem\",\"position\":1,\"name\":\"Po\u010detna stranica\",\"item\":\"https:\\\/\\\/mail.bell-stim.com\\\/de\\\/\"},{\"@type\":\"ListItem\",\"position\":2,\"name\":\"Teenlifting des K\u00f6rpers\"}]},{\"@type\":\"WebSite\",\"@id\":\"https:\\\/\\\/mail.bell-stim.com\\\/en\\\/#website\",\"url\":\"https:\\\/\\\/mail.bell-stim.com\\\/en\\\/\",\"name\":\"Teenlifting\",\"description\":\"Aktiviraj, ne plastificiraj!\",\"potentialAction\":[{\"@type\":\"SearchAction\",\"target\":{\"@type\":\"EntryPoint\",\"urlTemplate\":\"https:\\\/\\\/mail.bell-stim.com\\\/en\\\/?s={search_term_string}\"},\"query-input\":{\"@type\":\"PropertyValueSpecification\",\"valueRequired\":true,\"valueName\":\"search_term_string\"}}],\"inLanguage\":\"de\"}]}<\/script>\n<!-- \/ Yoast SEO plugin. -->","yoast_head_json":{"title":"Teenlifting des K\u00f6rpers - Teenlifting","robots":{"index":"index","follow":"follow","max-snippet":"max-snippet:-1","max-image-preview":"max-image-preview:large","max-video-preview":"max-video-preview:-1"},"canonical":"https:\/\/mail.bell-stim.com\/de\/teenlifting-des-korpers\/","og_locale":"de_DE","og_type":"article","og_title":"Teenlifting des K\u00f6rpers - Teenlifting","og_url":"https:\/\/mail.bell-stim.com\/de\/teenlifting-des-korpers\/","og_site_name":"Teenlifting","article_modified_time":"2017-03-29T10:01:30+00:00","twitter_card":"summary_large_image","twitter_misc":{"Gesch\u00e4tzte Lesezeit":"6\u00a0Minuten"},"schema":{"@context":"https:\/\/schema.org","@graph":[{"@type":"WebPage","@id":"https:\/\/mail.bell-stim.com\/de\/teenlifting-des-korpers\/","url":"https:\/\/mail.bell-stim.com\/de\/teenlifting-des-korpers\/","name":"Teenlifting des K\u00f6rpers - Teenlifting","isPartOf":{"@id":"https:\/\/mail.bell-stim.com\/en\/#website"},"datePublished":"2017-03-27T13:42:46+00:00","dateModified":"2017-03-29T10:01:30+00:00","breadcrumb":{"@id":"https:\/\/mail.bell-stim.com\/de\/teenlifting-des-korpers\/#breadcrumb"},"inLanguage":"de","potentialAction":[{"@type":"ReadAction","target":["https:\/\/mail.bell-stim.com\/de\/teenlifting-des-korpers\/"]}]},{"@type":"BreadcrumbList","@id":"https:\/\/mail.bell-stim.com\/de\/teenlifting-des-korpers\/#breadcrumb","itemListElement":[{"@type":"ListItem","position":1,"name":"Po\u010detna stranica","item":"https:\/\/mail.bell-stim.com\/de\/"},{"@type":"ListItem","position":2,"name":"Teenlifting des K\u00f6rpers"}]},{"@type":"WebSite","@id":"https:\/\/mail.bell-stim.com\/en\/#website","url":"https:\/\/mail.bell-stim.com\/en\/","name":"Teenlifting","description":"Aktiviraj, ne plastificiraj!","potentialAction":[{"@type":"SearchAction","target":{"@type":"EntryPoint","urlTemplate":"https:\/\/mail.bell-stim.com\/en\/?s={search_term_string}"},"query-input":{"@type":"PropertyValueSpecification","valueRequired":true,"valueName":"search_term_string"}}],"inLanguage":"de"}]}},"_links":{"self":[{"href":"https:\/\/mail.teenlifting.co.za\/de\/wp-json\/wp\/v2\/pages\/1763","targetHints":{"allow":["GET"]}}],"collection":[{"href":"https:\/\/mail.teenlifting.co.za\/de\/wp-json\/wp\/v2\/pages"}],"about":[{"href":"https:\/\/mail.teenlifting.co.za\/de\/wp-json\/wp\/v2\/types\/page"}],"author":[{"embeddable":true,"href":"https:\/\/mail.teenlifting.co.za\/de\/wp-json\/wp\/v2\/users\/3"}],"replies":[{"embeddable":true,"href":"https:\/\/mail.teenlifting.co.za\/de\/wp-json\/wp\/v2\/comments?post=1763"}],"version-history":[{"count":7,"href":"https:\/\/mail.teenlifting.co.za\/de\/wp-json\/wp\/v2\/pages\/1763\/revisions"}],"predecessor-version":[{"id":1849,"href":"https:\/\/mail.teenlifting.co.za\/de\/wp-json\/wp\/v2\/pages\/1763\/revisions\/1849"}],"wp:attachment":[{"href":"https:\/\/mail.teenlifting.co.za\/de\/wp-json\/wp\/v2\/media?parent=1763"}],"curies":[{"name":"wp","href":"https:\/\/api.w.org\/{rel}","templated":true}]}}