{"id":42,"date":"2016-03-30T19:42:48","date_gmt":"2016-03-30T19:42:48","guid":{"rendered":"http:\/\/teenlifting.com.hr\/?page_id=42"},"modified":"2025-01-13T19:12:08","modified_gmt":"2025-01-13T19:12:08","slug":"about-us","status":"publish","type":"page","link":"https:\/\/mail.teenlifting.co.za\/en\/about-us\/","title":{"rendered":"About us"},"content":{"rendered":"<div class=\"section-full-width section-light-bg\" style=\"background-color:#f7f7f7;\" id=\"teenliftingteam\"><div class=\"section-boxed\" style=\"color:#373737;\"><h2 class=\"section-title\" style=\"color:#252525;\">TEENLIFTING team<\/h2><p><img decoding=\"async\" class=\"img-frame alignleft\" src=\"https:\/\/teenlifting.com.hr\/content\/uploads\/2016\/03\/sanja.jpg\" \/>Dr. Sanja Malba\u0161a Go\u0161ovi\u0107 is a general practitioner, an acupuncture specialist and a cosmetologist. In 1990, she developed a method under the protected brand TEENLIFTING\u00ae, which she continues to develop. On the world market, this is a unique natural method of stimulating all the muscles of the body and face at the same time, i.e. stimulating large muscle groups, for which specially designed electrodes, as well as standard electrodes are used, placed with a non-standard method in order to achieve better quality and more effective results. The TEENLIFTING\u00ae and BellStim\u00ae systems are protected in Croatia, the European Union, China, the USA and other countries.<\/p>\n<p>Today, in addition to the doctor,  a professional team of physiotherapists works at the TEENLIFTING Center in Zagreb that provides top quality services. With constant innovation and improvement of results, as well as with our quality of services, we want to make all our clients satisfied. The success and top results of TEENLIFTING are shown by our loyal and long-term clients. Striving to expand the TEENLIFTING system and at the same time maintaining the quality of services and better business, in 2016 we opened a company for TEENLIFTING franchises. We were encouraged to do so by the success of the franchises so far, and a TEENLIFTING Centre is present in Belgrade, Ljubljana, Split and Zagreb. Our goal is to expand the TEENLIFTING system to countries around the world in the future.<\/p>\n<p>TEENLIFTING\u00ae stimulation is electrical stimulation of the muscles of the face and neck, body and pelvis, workout \u2013 muscle strengthening, stimulation of acupuncture points, rehabilitation, drainage and increased circulation of stimulated tissue, rejuvenation, shaping, lifting and a deep state of relaxation.<\/p>\n<p>&nbsp;<\/p>\n<p>TEENLIFTING\u00ae devices for electrical stimulation of muscles, muscle revitalisation and stimulation of acupuncture points achieve excellent results in:<\/p>\n<ul style=\"padding-left: 60px;\">\n<li>Cosmetics (rejuvenation) of the face and body<\/li>\n<li>Prevention (maintenance) of good muscle condition of the face and body in athletes, the elderly and others<\/li>\n<li>Rehabilitation (treatment of migraines, headaches, sinusitis, neuralgia, Bell&#8217;s palsy (n. facialis), myalgia, treatment of impaired peripheral circulation, cramps, cerebral palsy, muscle atrophy, knee and hip arthrosis, pain in the lumbar and cervical spine, incontinence, impotence, etc.)<\/li>\n<\/ul>\n<p>\n<\/div><\/div>\n<div class=\"section-full-width section-light-bg\" style=\"background-color:#ffffff;\" id=\"missionvision\"><div class=\"section-boxed\" style=\"color:#373737;\"><h2 class=\"section-title\" style=\"color:#252525;\">Mission & Vision<\/h2><p><strong>Mission:<\/strong> TEENLIFTING is a world-class method with a national signature. With constant innovation and improvement of the method, we want to be the first choice of our clients to maintain a youthful face and tone of all the body muscles, for cosmetic and rehabilitation purposes, in a healthy way.<\/p>\n<p><strong>Vision:<\/strong> TEENLIFTING is a story about muscles and our goal is to enable and raise awareness of every woman and man around the world to preserve their unique appearance, beauty and health in a natural and healthy way, using the TEENLIFTING method.<\/p>\n<p>TEENLIFTING\u00ae franchise can be purchased in Croatia and abroad. Currently there are <strong>four TEENLIFTING centres\u00a0<\/strong>located in Zagreb, Split, Ljubljana and Belgrade.<\/p>\n<p>\n<\/div><\/div>\n<div class=\"section-full-width section-light-bg\" style=\"background-color:#f7f7f7;\" id=\"ourambassadors\"><div class=\"section-boxed\" style=\"color:#373737;\"><h2 class=\"section-title\" style=\"color:#252525;\">Our ambassadors<\/h2><p>The success of the method is best illustrated by the number of long-standing clients including the famous Croatian and foreign personalities: Josipa Lisac, Rade Serbedzija, Ana Karic, Tarik Filipovic, Massimo, Nina Violi\u0107, Linda Begonja, Almira Osmanovic, Zdenka Kova\u010di\u0107ek, Ksenija Marinkovic, Vesna Tominac Mata\u010di\u0107, Zarko Savic, Andrej Dojki\u0107, Bruna Bebic, Tanja Deman, Zvezdana Mlakar, Tina Gorenjak, Maja Martina Merljak, Natasa Ninkovic, Dara D\u017eoki\u0107, Peter Bianco, Jelena Radan, Barbara Rocco, Ursa Raukar, Zeljko Udovicic, Hrvojka Begovic, Azamat Nabiullin, Edina Pli\u0107ani\u0107, Armand Assante, and many others.<br \/>\nAlso an elite American newspaper &#8216;AS IF&#8217; ranked TEENLIFTING\u00ae method among the top six world natural non-invasive cosmetic methods!<\/p>\n<p>&nbsp;<\/p>\n<div class=\"services-wrapper services-fullbox cols-wrapper cols-4\" style=\"background-color:#f7f7f7f7;color:#777777;\"><div class=\"services-box col\"><div class=\"img-container\"><img decoding=\"async\" src=\"https:\/\/teenlifting.com.hr\/content\/uploads\/2016\/12\/nina_violic.jpg\" alt=\"NINA VIOLI\u0106&lt;\/br&gt;Actress\"\/><\/div><div class=\"services-content\"><div class=\"sc-wraper\"><h3>NINA VIOLI\u0106<\/br>Actress<\/h3><p><div class=\"accordion-container accordion-all-closed\">\r\n<div class=\"accordion-title\">Testimonial<span class=\"ac-indicator\"><\/span><\/div><div class=\"pane\">I connect to the power and enjoy: Activate, not plastificate! Sanja is a fabulous Croatian invention that will save us all from the knife!<div class=\"clear\"><\/div><\/div>\r\n<\/div><\/p><\/div><\/div><\/div><div class=\"services-box col\"><div class=\"img-container\"><img decoding=\"async\" src=\"https:\/\/teenlifting.com.hr\/content\/uploads\/2016\/12\/tarik_filipovic.jpg\" alt=\"TARIK FILIPOVI\u0106&lt;\/br&gt;Actor \/ Tv host\"\/><\/div><div class=\"services-content\"><div class=\"sc-wraper\"><h3>TARIK FILIPOVI\u0106<\/br>Actor \/ Tv host<\/h3><p><div class=\"accordion-container accordion-all-closed\">\r\n<div class=\"accordion-title\">Testimonial<span class=\"ac-indicator\"><\/span><\/div><div class=\"pane\">I am delighted with electrostimulation method because it is a fitness of the face. Even us, actors, who need to have expressive facial expressions, have problems with wrinkles.<div class=\"clear\"><\/div><\/div>\r\n<\/div><\/p><\/div><\/div><\/div><div class=\"services-box col\"><div class=\"img-container\"><img decoding=\"async\" src=\"https:\/\/teenlifting.com.hr\/content\/uploads\/2016\/12\/josipa_lisac.jpg\" alt=\"JOSIPA LISAC&lt;\/br&gt;Singer\"\/><\/div><div class=\"services-content\"><div class=\"sc-wraper\"><h3>JOSIPA LISAC<\/br>Singer<\/h3><p><div class=\"accordion-container accordion-all-closed\">\r\n<div class=\"accordion-title\">Testimonial<span class=\"ac-indicator\"><\/span><\/div><div class=\"pane\">I look better than 10 years ago. When I look at old photos I notice that something is different, but that are not years!<div class=\"clear\"><\/div><\/div>\r\n<\/div><\/p><\/div><\/div><\/div><div class=\"services-box col nomargin\"><div class=\"img-container\"><img decoding=\"async\" src=\"https:\/\/teenlifting.com.hr\/content\/uploads\/2016\/12\/almira_osmanivic.jpg\" alt=\"ALMIRA OSMANOVI\u0106&lt;\/br&gt;Prima ballerina\"\/><\/div><div class=\"services-content\"><div class=\"sc-wraper\"><h3>ALMIRA OSMANOVI\u0106<\/br>Prima ballerina<\/h3><p><div class=\"accordion-container accordion-all-closed\">\r\n<div class=\"accordion-title\">Testimonial<span class=\"ac-indicator\"><\/span><\/div><div class=\"pane\">TEENLIFTING method by M.D. Sanja Go\u0161ovi\u0107 a natural win over the years. Beauty enriched with character!<div class=\"clear\"><\/div><\/div>\r\n<\/div><\/p><\/div><\/div><\/div><div class=\"services-box col nomargin\"><div class=\"img-container\"><img decoding=\"async\" src=\"https:\/\/teenlifting.com.hr\/content\/uploads\/2016\/12\/zarko_savic.jpg\" alt=\"\u017dARKO SAVI\u0106&lt;\/br&gt;Actor\"\/><\/div><div class=\"services-content\"><div class=\"sc-wraper\"><h3>\u017dARKO SAVI\u0106<\/br>Actor<\/h3><p><div class=\"accordion-container accordion-all-closed\">\r\n<div class=\"accordion-title\">Testimonial<span class=\"ac-indicator\"><\/span><\/div><div class=\"pane\">Great form of facial muslces gives me the opportunity to play my roles as best as I can.<div class=\"clear\"><\/div><\/div>\r\n<\/div><\/p><\/div><\/div><\/div><div class=\"clear\"><\/div><\/div>\n<p>\n<\/div><\/div>\n","protected":false},"excerpt":{"rendered":"","protected":false},"author":3,"featured_media":0,"parent":0,"menu_order":6,"comment_status":"closed","ping_status":"closed","template":"template-full-custom.php","meta":{"om_disable_all_campaigns":false,"_monsterinsights_skip_tracking":false,"_monsterinsights_sitenote_active":false,"_monsterinsights_sitenote_note":"","_monsterinsights_sitenote_category":0,"_uf_show_specific_survey":0,"_uf_disable_surveys":false,"footnotes":""},"class_list":["post-42","page","type-page","status-publish","hentry"],"aioseo_notices":[],"yoast_head":"<!-- This site is optimized with the Yoast SEO plugin v27.4 - https:\/\/yoast.com\/product\/yoast-seo-wordpress\/ -->\n<title>About us - Teenlifting<\/title>\n<meta name=\"robots\" content=\"index, follow, max-snippet:-1, max-image-preview:large, max-video-preview:-1\" \/>\n<link rel=\"canonical\" href=\"https:\/\/mail.bell-stim.com\/en\/about-us\/\" \/>\n<meta property=\"og:locale\" content=\"en_US\" \/>\n<meta property=\"og:type\" content=\"article\" \/>\n<meta property=\"og:title\" content=\"About us - Teenlifting\" \/>\n<meta property=\"og:url\" content=\"https:\/\/mail.bell-stim.com\/en\/about-us\/\" \/>\n<meta property=\"og:site_name\" content=\"Teenlifting\" \/>\n<meta property=\"article:modified_time\" content=\"2025-01-13T19:12:08+00:00\" \/>\n<meta property=\"og:image\" content=\"https:\/\/teenlifting.com.hr\/content\/uploads\/2016\/03\/sanja.jpg\" \/>\n<meta name=\"twitter:card\" content=\"summary_large_image\" \/>\n<meta name=\"twitter:label1\" content=\"Est. reading time\" \/>\n\t<meta name=\"twitter:data1\" content=\"4 minutes\" \/>\n<script type=\"application\/ld+json\" class=\"yoast-schema-graph\">{\"@context\":\"https:\\\/\\\/schema.org\",\"@graph\":[{\"@type\":\"WebPage\",\"@id\":\"https:\\\/\\\/mail.bell-stim.com\\\/en\\\/about-us\\\/\",\"url\":\"https:\\\/\\\/mail.bell-stim.com\\\/en\\\/about-us\\\/\",\"name\":\"About us - Teenlifting\",\"isPartOf\":{\"@id\":\"https:\\\/\\\/mail.bell-stim.com\\\/en\\\/#website\"},\"primaryImageOfPage\":{\"@id\":\"https:\\\/\\\/mail.bell-stim.com\\\/en\\\/about-us\\\/#primaryimage\"},\"image\":{\"@id\":\"https:\\\/\\\/mail.bell-stim.com\\\/en\\\/about-us\\\/#primaryimage\"},\"thumbnailUrl\":\"https:\\\/\\\/teenlifting.com.hr\\\/content\\\/uploads\\\/2016\\\/03\\\/sanja.jpg\",\"datePublished\":\"2016-03-30T19:42:48+00:00\",\"dateModified\":\"2025-01-13T19:12:08+00:00\",\"breadcrumb\":{\"@id\":\"https:\\\/\\\/mail.bell-stim.com\\\/en\\\/about-us\\\/#breadcrumb\"},\"inLanguage\":\"en-US\",\"potentialAction\":[{\"@type\":\"ReadAction\",\"target\":[\"https:\\\/\\\/mail.bell-stim.com\\\/en\\\/about-us\\\/\"]}]},{\"@type\":\"ImageObject\",\"inLanguage\":\"en-US\",\"@id\":\"https:\\\/\\\/mail.bell-stim.com\\\/en\\\/about-us\\\/#primaryimage\",\"url\":\"https:\\\/\\\/teenlifting.com.hr\\\/content\\\/uploads\\\/2016\\\/03\\\/sanja.jpg\",\"contentUrl\":\"https:\\\/\\\/teenlifting.com.hr\\\/content\\\/uploads\\\/2016\\\/03\\\/sanja.jpg\"},{\"@type\":\"BreadcrumbList\",\"@id\":\"https:\\\/\\\/mail.bell-stim.com\\\/en\\\/about-us\\\/#breadcrumb\",\"itemListElement\":[{\"@type\":\"ListItem\",\"position\":1,\"name\":\"Po\u010detna stranica\",\"item\":\"https:\\\/\\\/mail.bell-stim.com\\\/en\\\/\"},{\"@type\":\"ListItem\",\"position\":2,\"name\":\"About us\"}]},{\"@type\":\"WebSite\",\"@id\":\"https:\\\/\\\/mail.bell-stim.com\\\/en\\\/#website\",\"url\":\"https:\\\/\\\/mail.bell-stim.com\\\/en\\\/\",\"name\":\"Teenlifting\",\"description\":\"Aktiviraj, ne plastificiraj!\",\"potentialAction\":[{\"@type\":\"SearchAction\",\"target\":{\"@type\":\"EntryPoint\",\"urlTemplate\":\"https:\\\/\\\/mail.bell-stim.com\\\/en\\\/?s={search_term_string}\"},\"query-input\":{\"@type\":\"PropertyValueSpecification\",\"valueRequired\":true,\"valueName\":\"search_term_string\"}}],\"inLanguage\":\"en-US\"}]}<\/script>\n<!-- \/ Yoast SEO plugin. -->","yoast_head_json":{"title":"About us - Teenlifting","robots":{"index":"index","follow":"follow","max-snippet":"max-snippet:-1","max-image-preview":"max-image-preview:large","max-video-preview":"max-video-preview:-1"},"canonical":"https:\/\/mail.bell-stim.com\/en\/about-us\/","og_locale":"en_US","og_type":"article","og_title":"About us - Teenlifting","og_url":"https:\/\/mail.bell-stim.com\/en\/about-us\/","og_site_name":"Teenlifting","article_modified_time":"2025-01-13T19:12:08+00:00","og_image":[{"url":"https:\/\/teenlifting.com.hr\/content\/uploads\/2016\/03\/sanja.jpg","type":"","width":"","height":""}],"twitter_card":"summary_large_image","twitter_misc":{"Est. reading time":"4 minutes"},"schema":{"@context":"https:\/\/schema.org","@graph":[{"@type":"WebPage","@id":"https:\/\/mail.bell-stim.com\/en\/about-us\/","url":"https:\/\/mail.bell-stim.com\/en\/about-us\/","name":"About us - Teenlifting","isPartOf":{"@id":"https:\/\/mail.bell-stim.com\/en\/#website"},"primaryImageOfPage":{"@id":"https:\/\/mail.bell-stim.com\/en\/about-us\/#primaryimage"},"image":{"@id":"https:\/\/mail.bell-stim.com\/en\/about-us\/#primaryimage"},"thumbnailUrl":"https:\/\/teenlifting.com.hr\/content\/uploads\/2016\/03\/sanja.jpg","datePublished":"2016-03-30T19:42:48+00:00","dateModified":"2025-01-13T19:12:08+00:00","breadcrumb":{"@id":"https:\/\/mail.bell-stim.com\/en\/about-us\/#breadcrumb"},"inLanguage":"en-US","potentialAction":[{"@type":"ReadAction","target":["https:\/\/mail.bell-stim.com\/en\/about-us\/"]}]},{"@type":"ImageObject","inLanguage":"en-US","@id":"https:\/\/mail.bell-stim.com\/en\/about-us\/#primaryimage","url":"https:\/\/teenlifting.com.hr\/content\/uploads\/2016\/03\/sanja.jpg","contentUrl":"https:\/\/teenlifting.com.hr\/content\/uploads\/2016\/03\/sanja.jpg"},{"@type":"BreadcrumbList","@id":"https:\/\/mail.bell-stim.com\/en\/about-us\/#breadcrumb","itemListElement":[{"@type":"ListItem","position":1,"name":"Po\u010detna stranica","item":"https:\/\/mail.bell-stim.com\/en\/"},{"@type":"ListItem","position":2,"name":"About us"}]},{"@type":"WebSite","@id":"https:\/\/mail.bell-stim.com\/en\/#website","url":"https:\/\/mail.bell-stim.com\/en\/","name":"Teenlifting","description":"Aktiviraj, ne plastificiraj!","potentialAction":[{"@type":"SearchAction","target":{"@type":"EntryPoint","urlTemplate":"https:\/\/mail.bell-stim.com\/en\/?s={search_term_string}"},"query-input":{"@type":"PropertyValueSpecification","valueRequired":true,"valueName":"search_term_string"}}],"inLanguage":"en-US"}]}},"_links":{"self":[{"href":"https:\/\/mail.teenlifting.co.za\/en\/wp-json\/wp\/v2\/pages\/42","targetHints":{"allow":["GET"]}}],"collection":[{"href":"https:\/\/mail.teenlifting.co.za\/en\/wp-json\/wp\/v2\/pages"}],"about":[{"href":"https:\/\/mail.teenlifting.co.za\/en\/wp-json\/wp\/v2\/types\/page"}],"author":[{"embeddable":true,"href":"https:\/\/mail.teenlifting.co.za\/en\/wp-json\/wp\/v2\/users\/3"}],"replies":[{"embeddable":true,"href":"https:\/\/mail.teenlifting.co.za\/en\/wp-json\/wp\/v2\/comments?post=42"}],"version-history":[{"count":82,"href":"https:\/\/mail.teenlifting.co.za\/en\/wp-json\/wp\/v2\/pages\/42\/revisions"}],"predecessor-version":[{"id":2936,"href":"https:\/\/mail.teenlifting.co.za\/en\/wp-json\/wp\/v2\/pages\/42\/revisions\/2936"}],"wp:attachment":[{"href":"https:\/\/mail.teenlifting.co.za\/en\/wp-json\/wp\/v2\/media?parent=42"}],"curies":[{"name":"wp","href":"https:\/\/api.w.org\/{rel}","templated":true}]}}