{"id":2725,"date":"2022-12-03T20:17:29","date_gmt":"2022-12-03T20:17:29","guid":{"rendered":"https:\/\/teenlifting.com.hr\/?page_id=2725"},"modified":"2025-03-19T16:32:57","modified_gmt":"2025-03-19T16:32:57","slug":"teenlifting-en-el-rostro","status":"publish","type":"page","link":"https:\/\/mail.teenlifting.co.za\/es\/teenlifting-en-el-rostro\/","title":{"rendered":"Teenlifting en el rostro"},"content":{"rendered":"<div class=\"section-full-width section-light-bg\" style=\"background-color:#f7f7f7;\" id=\"teenlifting\u00aeaplicadoaelrostrolapapadayelcuellotantoparahombrescomoparamujeres\"><div class=\"section-boxed\" style=\"color:#373737;\"><h2 class=\"section-title\" style=\"color:#252525;\">TEENLIFTING\u00ae aplicado a el rostro, la papada y el cuello tanto para hombres como para mujeres<\/h2><\/p>\n<p style=\"text-align: left;\">TEENLIFTING se realiza por medio de un aparato de electroestimulaci\u00f3n muscular y permite la aplicaci\u00f3n de la fisioterapia en la cosm\u00e9tica, permitiendo obtener, al mismo tiempo, excelentes resultados en la rehabilitaci\u00f3n, terapia y profilaxis de: dolores de cabeza, migra\u00f1as, restauraci\u00f3n de la masa \u00f3sea de la mand\u00edbula, sinusitis, neuralgia, paresia, par\u00e1lisis de Bell (n. facialis) y mialgia.<\/p>\n<p>&nbsp;<\/p>\n<div class=\"services-wrapper services-boxed-photo cols-wrapper cols-3\"><div class=\"services-box col\"><div class=\"img-container\"><img decoding=\"async\" src=\"https:\/\/teenlifting.com.hr\/content\/uploads\/2016\/09\/misici_2.jpg\" alt=\"M\u00fasculos orbiculares de los ojos y de la boca\"\/><\/div><div class=\"services-content\"><div class=\"sc-wraper\"><h3>M\u00fasculos orbiculares de los ojos y de la boca<\/h3><\/div><\/div><\/div><div class=\"services-box col\"><div class=\"img-container\"><img decoding=\"async\" src=\"https:\/\/teenlifting.com.hr\/content\/uploads\/2016\/09\/misici_3.jpg\" alt=\"M\u00fasculo platisma\"\/><\/div><div class=\"services-content\"><div class=\"sc-wraper\"><h3>M\u00fasculo platisma<\/h3><\/div><\/div><\/div><div class=\"services-box col nomargin\"><div class=\"img-container\"><img decoding=\"async\" src=\"https:\/\/teenlifting.com.hr\/content\/uploads\/2016\/09\/misici_1.jpg\" alt=\"M\u00fasculos del rostro y del cuello\"\/><\/div><div class=\"services-content\"><div class=\"sc-wraper\"><h3>M\u00fasculos del rostro y del cuello<\/h3><\/div><\/div><\/div><div class=\"clear\"><\/div><\/div>\n<p>&nbsp;<\/p>\n<p><strong>Las ventajas del m\u00e9todo TEENLIFTING aplicado en el rostro, papada y cuello son las siguientes:<\/strong><\/p>\n<p>&nbsp;<\/p>\n<div class=\"cols-wrapper cols-4\">\n<div class=\"col\">\n<ul>\n<li>estiramiento de la piel<\/li>\n<li>eliminaci\u00f3n de arrugas faciales<\/li>\n<li>eliminaci\u00f3n de arrugas alrededor de los ojos<\/li>\n<li>eliminaci\u00f3n de arrugas alrededor de los labios<\/li>\n<li>drenaje linf\u00e1tico<\/li>\n<\/ul>\n<\/div>\n<p><span data-mce-type=\"bookmark\" style=\"display: inline-block; width: 0px; overflow: hidden; line-height: 0;\" class=\"mce_SELRES_start\"><\/span><\/p>\n<div class=\"col\">\n<ul>\n<li>contorneado<\/li>\n<li>rejuvenecimiento no invasivo<\/li>\n<li>rejuvenecimiento del rostro, de la papada y del cuello<\/li>\n<li>tratamiento antienvejecimiento<\/li>\n<li>rejuvenecimiento no quir\u00fargico<\/li>\n<\/ul>\n<\/div>\n<div class=\"col\">\n<ul>\n<li>electroestimulaci\u00f3n simult\u00e1nea de todos los m\u00fasculos de la m\u00edmica del rostro y del cuello<\/li>\n<li>estimulaci\u00f3n de los puntos de acupuntura<\/li>\n<li>ejercitaci\u00f3n de los m\u00fasculos del rostro<\/li>\n<li>lifting del rostro y del cuello<\/li>\n<li>fitness del rostro<\/li>\n<\/ul>\n<\/div>\n<div class=\"col nomargin\">\n<ul>\n<li>aumento del tono de la piel<\/li>\n<li>regeneraci\u00f3n de tejidos<\/li>\n<li>restauraci\u00f3n del aspecto juvenil del rostro<\/li>\n<li>adelgazamiento<\/li>\n<li>eliminaci\u00f3n de las toxinas del cuerpo<\/li>\n<li>efecto antiestr\u00e9s<\/li>\n<\/ul>\n<\/div>\n<\/div>\n<p>\n<\/div><\/div>\n<div class=\"section-full-width section-light-bg background-contain konzultacije_vizual\" style=\"background-color:#ffffff;\" id=\"section-1\"><div class=\"section-boxed\" style=\"color:#373737;\"><p><img decoding=\"async\" class=\"img-frame aligncenter\" src=\"https:\/\/teenlifting.com.hr\/content\/uploads\/2022\/12\/Konzultacije_ESP_web.jpg\" \/><\/p>\n<\/div><\/div>\n<div class=\"section-full-width section-light-bg\" style=\"background-color:#f7f7f7;\" id=\"saberm\u00e1ssobreteenlifting\u00aeaplicadoenelrostro\"><div class=\"section-boxed\" style=\"color:#373737;\"><h2 class=\"section-title\" style=\"color:#252525;\">Saber m\u00e1s sobre TEENLIFTING\u00ae aplicado en el rostro<\/h2><\/p>\n<div class=\"cols-wrapper cols-2\">\n<div class=\"col\">\n<h2><\/h2>\n<h2><strong>\u00bfPor qu\u00e9 es importante la electroestimulaci\u00f3n simultanea de todos los m\u00fasculos de la cara y el cuello?<\/strong><\/h2>\n<p>Los m\u00fasculos est\u00e1n interconectados anat\u00f3micamente, por lo que su contracci\u00f3n sincronizada es vital para lograr los mejores resultados, eliminando las arrugas del rostro tens\u00e1ndolo y d\u00e1ndole firmeza.<\/p>\n<p>&nbsp;<\/p>\n<blockquote>\n<p>\u00bfPor qu\u00e9 TEENLIFTING estimula en cada m\u00fasculo individual el 100 % de las fibras musculares y no s\u00f3lo una parte de cada m\u00fasculo (del 5 al 20 % de las fibras musculares) como lo hace la electroestimulaci\u00f3n cl\u00e1sica?<\/p>\n<\/blockquote>\n<p>&nbsp;<\/p>\n<p>Es debido por un lado a que la estimulaci\u00f3n es mas agradable pero al mismo tiempo se consiguen m\u00e1ximos resultados en la reducci\u00f3n de arrugas. La estimulaci\u00f3n parcial en \u00e1reas individuales es demasiado intensa, y al mismo tiempo, demasiado d\u00e9bil para todo el m\u00fasculo o grupo muscular.<\/p>\n<h2>\u00bfCOMO SE LOGRA ESTO?<\/h2>\n<p>Gracias a los electrodos \u00fanicos TEENLIFTING que han sido dise\u00f1ados espec\u00edficamente para regiones anat\u00f3micas concretas, ya sean para grupos musculares o m\u00fasculos individuales dependiendo del caso.<\/p>\n<p>&nbsp;<\/p>\n<blockquote>\n<p>\u00bfExisten otras diferencias entre la electroestimulaci\u00f3n TEENLIFTING y los dem\u00e1s m\u00e9todos de electroestimulaci\u00f3n convencionales en el mercado?<\/p>\n<\/blockquote>\n<p>&nbsp;<\/p>\n<p>Si, las hay. La diferencia est\u00e1 en la combinaci\u00f3n de diferentes ejercicios y entrenamientos. Se deben realizar diferentes entrenamientos para implicar todos los m\u00fasculos de la cara y el cuello. Cada m\u00fasculo tiene su firmeza inicial (debido a la intensidad y naturaleza de la expresi\u00f3n facial, edad &#8230;)<\/p>\n<p>Debido a la propia anatom\u00eda y funci\u00f3n muscular es necesaria una combinaci\u00f3n de entrenamiento interconectada entre todos ellos. Por ejemplo, el m\u00fasculo del platisma y los m\u00fasculos alrededor de los ojos y la boca, son mucho m\u00e1s d\u00e9biles que el resto de m\u00fasculos que forman la expresi\u00f3n facial, por lo que se deben entrenar de manera especifica para conseguir un buen resultado en general en el tono del rostro.<\/p>\n<h2>\u00bfCuando es preferible empezar con la estimulaci\u00f3n TEENLIFTING?<\/h2>\n<p>Nunca es demasiado pronto o tarde para ejercitar los m\u00fasculos. Es ideal empezar antes de las 30, porque es mejor para mantener la firmeza de la cara y la forma del rostro, que dejar que se relaje y se expanda. Cuanto antes se comience, m\u00e1s r\u00e1pido se ver\u00e1n los resultados.<\/p>\n<p>No hay limite de edad para la estimulaci\u00f3n TEENLIFTING.<\/p>\n<h2>\u00bfCuando se notan los primeros resultados?<\/h2>\n<p>Los primeros resultados se notan ya desde el primer tratamiento, como un rostro m\u00e1s revitalizado.<\/p>\n<p>Con cada una de las siguientes sesiones, mejores y m\u00e1s evidentes resultados se obtienen:<\/p>\n<ul style=\"padding-left: 60px;\">\n<li>la frente se tensa y se estira<\/li>\n<li>las cejas y los parpados superiores se levantan<\/li>\n<li>las arrugas alrededor de los ojos desaparecen<\/li>\n<li>las mejillas se marcan y forman<\/li>\n<li>los labios son m\u00e1s carnosos y abultados<\/li>\n<li>las arrugas alrededor de los labios (surco nasogeniano) desaparecen<\/li>\n<li>la papada y el cuello se tensan<\/li>\n<li>Mejora la firmeza en el rostro<\/li>\n<\/ul>\n<p>&nbsp;<\/p>\n<blockquote>\n<p>Es importante realizar el primer tratamiento cuanto antes. Despu\u00e9s de esta completamente nueva experiencia se traza un plan de entrenamiento anual para todos los m\u00fasculos que forman la expresi\u00f3n facial.<\/p>\n<\/blockquote>\n<p>&nbsp;<\/p>\n<\/div>\n<div class=\"col nomargin\">\n<p>&nbsp;<\/p>\n<p>En los clientes de 50 a\u00f1os o m\u00e1s la aparici\u00f3n de los resultados iniciales puede tomar m\u00e1s tiempo; esto depende de la elasticidad y del estado de la piel, aunque esto no tiene porqu\u00e9 ser as\u00ed, ya que no es norma.<\/p>\n<p>Durante el tratamiento TEENLIFTING, la piel puede tratarse y cuidarse con todos los tratamientos cosm\u00e9ticos para la piel (RF, LPG, laser, IPL, AHA\u2026).<\/p>\n<p><strong>Todos los tratamientos para la piel pueden eventualmente ayudar a acelerar los resultados visibles, pero ning\u00fan tratamiento para la piel puede moldear los m\u00fasculos.<\/strong><\/p>\n<p>Si la piel no se trata ni siquiera un poco, se \u201ccomprimir\u00e1\u201d y moldear\u00e1 de forma natural en unos pocos d\u00edas o meses. La piel se renueva a diario, y la renovaci\u00f3n \u201ccompleta\u201d de toda la piel dura 30 d\u00edas a los 30 a\u00f1os y se alarga con el envejecimiento hasta los 60 d\u00edas a los 70 a\u00f1os. Por eso, el resultado es mucho m\u00e1s visible despu\u00e9s de una semana desde el \u00faltimo entrenamiento.<\/p>\n<h2>\u00bfCon qu\u00e9 frecuencia se debe realizar el tratamiento?<\/h2>\n<p>Es l\u00f3gico que, para mantener los m\u00fasculos en el mejor estado posible, estos deben ser entrenados regularmente. Cuanto m\u00e1s se entrenen, mejores ser\u00e1n los resultados. Sin embargo, dado que estamos hablando de los peque\u00f1os m\u00fasculos que forman la cara, los resultados son igualmente excelentes, aunque los tratamientos se hagan con menos frecuencia. (Por ejemplo, clientes satisfechos de otros pa\u00edses, que reciben el tratamiento desde hace mucho tiempo, hacen 2 a 3 tratamientos dobles 3 veces al a\u00f1o).<\/p>\n<p>&nbsp;<\/p>\n<blockquote>\n<p>\u00bfQu\u00e9 sucede si interrumpimos la estimulaci\u00f3n TEENLIFTING?<\/p>\n<\/blockquote>\n<p>&nbsp;<\/p>\n<p>Si despu\u00e9s de un tiempo, se deja de entrenar los m\u00fasculos, estos conservan su firmeza y forma durante un largo periodo. Como la electroestimulaci\u00f3n no \u201caumenta\u201d el volumen de los m\u00fasculos, no se aprecia un \u201cempeoramiento\u201d desde el estado inicial, si se deja el tratamiento.<\/p>\n<h2>La influencia de la estimulaci\u00f3n TEENLIFTING sobre las articulaciones temporomandibulares y las migra\u00f1as.<\/h2>\n<p>Delante de ambos o\u00eddos se encuentran dos articulaciones de la mand\u00edbula (articulaciones temporomandibulares-TMJ), que conectan el hueso de la sien con la mand\u00edbula inferior. Est\u00e1n fijados por tendones, ligamentos y m\u00fasculos responsables de mover la articulaci\u00f3n.<\/p>\n<p>Uno de los trastornos de TMJ es la tensi\u00f3n muscular, espasmo de ciertos m\u00fasculos de la mand\u00edbula, causado por un componente psicol\u00f3gico: el estr\u00e9s. Uno de los s\u00edntomas de estos espasmos es el dolor de cabeza o migra\u00f1a que no responde al tratamiento habitual. El dolor de cabeza ocurre por la ma\u00f1ana (despu\u00e9s de intensos espasmos musculares nocturnos durante el sue\u00f1o) o despu\u00e9s de situaciones estresantes durante el d\u00eda.<\/p>\n<p>El m\u00e9todo TEENLIFTING mejora el dolor y las migra\u00f1as entrenando todos los m\u00fasculos, \u201crompe\u201d los espasmos y el dolor de ciertos m\u00fasculos, y aumenta la circulaci\u00f3n sangu\u00ednea y la circulaci\u00f3n en los m\u00fasculos, la piel y los huesos de la mand\u00edbula.<\/p>\n<p>&nbsp;<\/p>\n<blockquote>\n<p>La influencia de TEENLIFTING en la regeneraci\u00f3n de la masa \u00f3sea de la mand\u00edbula y del rostro.<\/p>\n<\/blockquote>\n<p>&nbsp;<\/p>\n<p>La composici\u00f3n y el equilibrio metab\u00f3lico de los huesos dependen de la actividad muscular, del momento de presi\u00f3n y de la tracci\u00f3n de la entesis tend\u00f3n-hueso. La actividad muscular ralentiza el proceso de la osteoporosis al estimular constantemente la formaci\u00f3n \u00f3sea (de la que fisiol\u00f3gicamente depende la regeneraci\u00f3n \u00f3sea), pero tambi\u00e9n es crucial a una edad m\u00e1s temprana.<\/p>\n<p>A una edad m\u00e1s temprana, la actividad muscular aumenta la \u201ccantidad b\u00e1sica de hueso\u201d, que ser\u00e1 luego afectada por los procesos de osteoporosis y osteopenia. Cuanto m\u00e1s grande sea la \u201ccantidad b\u00e1sica\u201d, m\u00e1s grande ser\u00e1 el \u201cresto\u201d de hueso. La p\u00e9rdida progresiva de la masa \u00f3sea comienza a partir de los 30 a\u00f1os de edad, por lo que la masa \u00f3sea a esa edad tiene una importancia decisiva para la masa \u00f3sea en la vejez.<\/p>\n<p>La osteoporosis posmenop\u00e1usica intensa ocurre en mujeres 15 a 20 a\u00f1os despu\u00e9s de la menopausia.<\/p>\n<p><strong>Es por esto que TEENLIFTING se convierte en uno de los tratamientos clave para la prevenci\u00f3n y la rehabilitaci\u00f3n de la osteoporosis de los huesos de la mand\u00edbula y de la cara.<\/strong><\/p>\n<\/div>\n<\/div>\n<div class=\"info-box\" style=\"text-align: center;\"><span class=\"box-icon\">\u00a0<\/span>CONTRAINDICACIONES: embarazo, marcapasos, epilepsia, cirug\u00edas (generalmente en los \u00faltimos 6 meses).<\/div>\n<p>\n<\/div><\/div>\n","protected":false},"excerpt":{"rendered":"","protected":false},"author":3,"featured_media":0,"parent":0,"menu_order":0,"comment_status":"closed","ping_status":"closed","template":"template-full-custom.php","meta":{"om_disable_all_campaigns":false,"_monsterinsights_skip_tracking":false,"_monsterinsights_sitenote_active":false,"_monsterinsights_sitenote_note":"","_monsterinsights_sitenote_category":0,"_uf_show_specific_survey":0,"_uf_disable_surveys":false,"footnotes":""},"class_list":["post-2725","page","type-page","status-publish","hentry"],"aioseo_notices":[],"yoast_head":"<!-- This site is optimized with the Yoast SEO plugin v27.4 - https:\/\/yoast.com\/product\/yoast-seo-wordpress\/ -->\n<title>Teenlifting en el rostro - Teenlifting<\/title>\n<meta name=\"robots\" content=\"index, follow, max-snippet:-1, max-image-preview:large, max-video-preview:-1\" \/>\n<link rel=\"canonical\" href=\"https:\/\/mail.teenlifting.eu\/es\/teenlifting-en-el-rostro\/\" \/>\n<meta property=\"og:locale\" content=\"es_ES\" \/>\n<meta property=\"og:type\" content=\"article\" \/>\n<meta property=\"og:title\" content=\"Teenlifting en el rostro - Teenlifting\" \/>\n<meta property=\"og:url\" content=\"https:\/\/mail.teenlifting.eu\/es\/teenlifting-en-el-rostro\/\" \/>\n<meta property=\"og:site_name\" content=\"Teenlifting\" \/>\n<meta property=\"article:modified_time\" content=\"2025-03-19T16:32:57+00:00\" \/>\n<meta property=\"og:image\" content=\"https:\/\/teenlifting.com.hr\/content\/uploads\/2022\/12\/Konzultacije_ESP_web.jpg\" \/>\n<meta name=\"twitter:card\" content=\"summary_large_image\" \/>\n<meta name=\"twitter:label1\" content=\"Est. reading time\" \/>\n\t<meta name=\"twitter:data1\" content=\"8 minutes\" \/>\n<script type=\"application\/ld+json\" class=\"yoast-schema-graph\">{\"@context\":\"https:\\\/\\\/schema.org\",\"@graph\":[{\"@type\":\"WebPage\",\"@id\":\"https:\\\/\\\/mail.teenlifting.eu\\\/es\\\/teenlifting-en-el-rostro\\\/\",\"url\":\"https:\\\/\\\/mail.teenlifting.eu\\\/es\\\/teenlifting-en-el-rostro\\\/\",\"name\":\"Teenlifting en el rostro - Teenlifting\",\"isPartOf\":{\"@id\":\"https:\\\/\\\/mail.bell-stim.com\\\/en\\\/#website\"},\"primaryImageOfPage\":{\"@id\":\"https:\\\/\\\/mail.teenlifting.eu\\\/es\\\/teenlifting-en-el-rostro\\\/#primaryimage\"},\"image\":{\"@id\":\"https:\\\/\\\/mail.teenlifting.eu\\\/es\\\/teenlifting-en-el-rostro\\\/#primaryimage\"},\"thumbnailUrl\":\"https:\\\/\\\/teenlifting.com.hr\\\/content\\\/uploads\\\/2022\\\/12\\\/Konzultacije_ESP_web.jpg\",\"datePublished\":\"2022-12-03T20:17:29+00:00\",\"dateModified\":\"2025-03-19T16:32:57+00:00\",\"breadcrumb\":{\"@id\":\"https:\\\/\\\/mail.teenlifting.eu\\\/es\\\/teenlifting-en-el-rostro\\\/#breadcrumb\"},\"inLanguage\":\"es-ES\",\"potentialAction\":[{\"@type\":\"ReadAction\",\"target\":[\"https:\\\/\\\/mail.teenlifting.eu\\\/es\\\/teenlifting-en-el-rostro\\\/\"]}]},{\"@type\":\"ImageObject\",\"inLanguage\":\"es-ES\",\"@id\":\"https:\\\/\\\/mail.teenlifting.eu\\\/es\\\/teenlifting-en-el-rostro\\\/#primaryimage\",\"url\":\"https:\\\/\\\/teenlifting.com.hr\\\/content\\\/uploads\\\/2022\\\/12\\\/Konzultacije_ESP_web.jpg\",\"contentUrl\":\"https:\\\/\\\/teenlifting.com.hr\\\/content\\\/uploads\\\/2022\\\/12\\\/Konzultacije_ESP_web.jpg\"},{\"@type\":\"BreadcrumbList\",\"@id\":\"https:\\\/\\\/mail.teenlifting.eu\\\/es\\\/teenlifting-en-el-rostro\\\/#breadcrumb\",\"itemListElement\":[{\"@type\":\"ListItem\",\"position\":1,\"name\":\"Po\u010detna stranica\",\"item\":\"https:\\\/\\\/mail.bell-stim.com\\\/es\\\/\"},{\"@type\":\"ListItem\",\"position\":2,\"name\":\"Teenlifting en el rostro\"}]},{\"@type\":\"WebSite\",\"@id\":\"https:\\\/\\\/mail.bell-stim.com\\\/en\\\/#website\",\"url\":\"https:\\\/\\\/mail.bell-stim.com\\\/en\\\/\",\"name\":\"Teenlifting\",\"description\":\"Aktiviraj, ne plastificiraj!\",\"potentialAction\":[{\"@type\":\"SearchAction\",\"target\":{\"@type\":\"EntryPoint\",\"urlTemplate\":\"https:\\\/\\\/mail.bell-stim.com\\\/en\\\/?s={search_term_string}\"},\"query-input\":{\"@type\":\"PropertyValueSpecification\",\"valueRequired\":true,\"valueName\":\"search_term_string\"}}],\"inLanguage\":\"es-ES\"}]}<\/script>\n<!-- \/ Yoast SEO plugin. -->","yoast_head_json":{"title":"Teenlifting en el rostro - Teenlifting","robots":{"index":"index","follow":"follow","max-snippet":"max-snippet:-1","max-image-preview":"max-image-preview:large","max-video-preview":"max-video-preview:-1"},"canonical":"https:\/\/mail.teenlifting.eu\/es\/teenlifting-en-el-rostro\/","og_locale":"es_ES","og_type":"article","og_title":"Teenlifting en el rostro - Teenlifting","og_url":"https:\/\/mail.teenlifting.eu\/es\/teenlifting-en-el-rostro\/","og_site_name":"Teenlifting","article_modified_time":"2025-03-19T16:32:57+00:00","og_image":[{"url":"https:\/\/teenlifting.com.hr\/content\/uploads\/2022\/12\/Konzultacije_ESP_web.jpg","type":"","width":"","height":""}],"twitter_card":"summary_large_image","twitter_misc":{"Est. reading time":"8 minutes"},"schema":{"@context":"https:\/\/schema.org","@graph":[{"@type":"WebPage","@id":"https:\/\/mail.teenlifting.eu\/es\/teenlifting-en-el-rostro\/","url":"https:\/\/mail.teenlifting.eu\/es\/teenlifting-en-el-rostro\/","name":"Teenlifting en el rostro - Teenlifting","isPartOf":{"@id":"https:\/\/mail.bell-stim.com\/en\/#website"},"primaryImageOfPage":{"@id":"https:\/\/mail.teenlifting.eu\/es\/teenlifting-en-el-rostro\/#primaryimage"},"image":{"@id":"https:\/\/mail.teenlifting.eu\/es\/teenlifting-en-el-rostro\/#primaryimage"},"thumbnailUrl":"https:\/\/teenlifting.com.hr\/content\/uploads\/2022\/12\/Konzultacije_ESP_web.jpg","datePublished":"2022-12-03T20:17:29+00:00","dateModified":"2025-03-19T16:32:57+00:00","breadcrumb":{"@id":"https:\/\/mail.teenlifting.eu\/es\/teenlifting-en-el-rostro\/#breadcrumb"},"inLanguage":"es-ES","potentialAction":[{"@type":"ReadAction","target":["https:\/\/mail.teenlifting.eu\/es\/teenlifting-en-el-rostro\/"]}]},{"@type":"ImageObject","inLanguage":"es-ES","@id":"https:\/\/mail.teenlifting.eu\/es\/teenlifting-en-el-rostro\/#primaryimage","url":"https:\/\/teenlifting.com.hr\/content\/uploads\/2022\/12\/Konzultacije_ESP_web.jpg","contentUrl":"https:\/\/teenlifting.com.hr\/content\/uploads\/2022\/12\/Konzultacije_ESP_web.jpg"},{"@type":"BreadcrumbList","@id":"https:\/\/mail.teenlifting.eu\/es\/teenlifting-en-el-rostro\/#breadcrumb","itemListElement":[{"@type":"ListItem","position":1,"name":"Po\u010detna stranica","item":"https:\/\/mail.bell-stim.com\/es\/"},{"@type":"ListItem","position":2,"name":"Teenlifting en el rostro"}]},{"@type":"WebSite","@id":"https:\/\/mail.bell-stim.com\/en\/#website","url":"https:\/\/mail.bell-stim.com\/en\/","name":"Teenlifting","description":"Aktiviraj, ne plastificiraj!","potentialAction":[{"@type":"SearchAction","target":{"@type":"EntryPoint","urlTemplate":"https:\/\/mail.bell-stim.com\/en\/?s={search_term_string}"},"query-input":{"@type":"PropertyValueSpecification","valueRequired":true,"valueName":"search_term_string"}}],"inLanguage":"es-ES"}]}},"_links":{"self":[{"href":"https:\/\/mail.teenlifting.co.za\/es\/wp-json\/wp\/v2\/pages\/2725","targetHints":{"allow":["GET"]}}],"collection":[{"href":"https:\/\/mail.teenlifting.co.za\/es\/wp-json\/wp\/v2\/pages"}],"about":[{"href":"https:\/\/mail.teenlifting.co.za\/es\/wp-json\/wp\/v2\/types\/page"}],"author":[{"embeddable":true,"href":"https:\/\/mail.teenlifting.co.za\/es\/wp-json\/wp\/v2\/users\/3"}],"replies":[{"embeddable":true,"href":"https:\/\/mail.teenlifting.co.za\/es\/wp-json\/wp\/v2\/comments?post=2725"}],"version-history":[{"count":22,"href":"https:\/\/mail.teenlifting.co.za\/es\/wp-json\/wp\/v2\/pages\/2725\/revisions"}],"predecessor-version":[{"id":2963,"href":"https:\/\/mail.teenlifting.co.za\/es\/wp-json\/wp\/v2\/pages\/2725\/revisions\/2963"}],"wp:attachment":[{"href":"https:\/\/mail.teenlifting.co.za\/es\/wp-json\/wp\/v2\/media?parent=2725"}],"curies":[{"name":"wp","href":"https:\/\/api.w.org\/{rel}","templated":true}]}}